{"id":4521,"date":"2024-03-22T21:23:45","date_gmt":"2024-03-22T21:23:45","guid":{"rendered":"http:\/\/sprachteam.at\/?page_id=4521"},"modified":"2025-01-29T11:51:51","modified_gmt":"2025-01-29T10:51:51","slug":"online-kurz-nemeckeho-jazyka-b1","status":"publish","type":"page","link":"https:\/\/sprachteam.at\/sk\/kurzy\/online-kurz-nemeckeho-jazyka-b1\/","title":{"rendered":"Online kurz Nemeck\u00e9ho jazyka B1"},"content":{"rendered":"\t\t<div data-elementor-type=\"wp-page\" data-elementor-id=\"4521\" class=\"elementor elementor-4521\">\n\t\t\t\t<div class=\"elementor-element elementor-element-1fa3e5d e-flex e-con-boxed e-con e-parent\" data-id=\"1fa3e5d\" data-element_type=\"container\" data-core-v316-plus=\"true\">\n\t\t\t\t\t<div class=\"e-con-inner\">\n\t\t<div class=\"elementor-element elementor-element-73ca831 e-con-full e-flex e-con e-child\" data-id=\"73ca831\" data-element_type=\"container\">\n\t\t\t\t<div class=\"elementor-element elementor-element-4008b4a elementor-widget elementor-widget-image\" data-id=\"4008b4a\" data-element_type=\"widget\" data-widget_type=\"image.default\">\n\t\t\t\t<div class=\"elementor-widget-container\">\n\t\t\t<style>\/*! elementor - v3.20.0 - 20-03-2024 *\/\n.elementor-widget-image{text-align:center}.elementor-widget-image a{display:inline-block}.elementor-widget-image a img[src$=\".svg\"]{width:48px}.elementor-widget-image img{vertical-align:middle;display:inline-block}<\/style>\t\t\t\t\t\t\t\t\t\t<img decoding=\"async\" src=\"http:\/\/sprachteam.at\/wp-content\/uploads\/2020\/10\/zoom_05.jpg\" title=\"\" alt=\"\" loading=\"lazy\" \/>\t\t\t\t\t\t\t\t\t\t\t\t\t<\/div>\n\t\t\t\t<\/div>\n\t\t\t\t<div class=\"elementor-element elementor-element-a8b4057 elementor-widget elementor-widget-text-editor\" data-id=\"a8b4057\" data-element_type=\"widget\" data-widget_type=\"text-editor.default\">\n\t\t\t\t<div class=\"elementor-widget-container\">\n\t\t\t<style>\/*! elementor - v3.20.0 - 20-03-2024 *\/\n.elementor-widget-text-editor.elementor-drop-cap-view-stacked .elementor-drop-cap{background-color:#69727d;color:#fff}.elementor-widget-text-editor.elementor-drop-cap-view-framed .elementor-drop-cap{color:#69727d;border:3px solid;background-color:transparent}.elementor-widget-text-editor:not(.elementor-drop-cap-view-default) .elementor-drop-cap{margin-top:8px}.elementor-widget-text-editor:not(.elementor-drop-cap-view-default) .elementor-drop-cap-letter{width:1em;height:1em}.elementor-widget-text-editor .elementor-drop-cap{float:left;text-align:center;line-height:1;font-size:50px}.elementor-widget-text-editor .elementor-drop-cap-letter{display:inline-block}<\/style>\t\t\t\t<p>V\u00fdber t\u00e9m lekci\u00ed je prisp\u00f4soben\u00fd potreb\u00e1m dne\u0161n\u00e9ho s\u00fakromn\u00e9ho a pracovn\u00e9ho \u017eivota. Kurz B1 poskytuje slovn\u00fa z\u00e1sobu a texty. V kurze sa precvi\u010duj\u00fa \u0161tyri zru\u010dnosti (hovorenie, p\u00edsanie, \u010d\u00edtanie, po\u010d\u00favanie) pod\u013ea po\u017eiadaviek Eur\u00f3pskeho referen\u010dn\u00e9ho r\u00e1mca.<\/p>\n<p><strong>Obsah kurzu B1:<\/strong><\/p>\n<ul>\n<li>Pamiatky, spozn\u00e1vanie mesta, p\u00edsanie listov a pozv\u00e1nok<\/li>\n<li>Vyjadrovanie \u017eelan\u00ed, rozpr\u00e1vanie o z\u00e1\u013eub\u00e1ch a z\u00e1ujmoch<\/li>\n<li>Diskutovanie o obchodn\u00fdch procesoch, nadv\u00e4zovanie firemn\u00fdch kontaktov, v\u00fdmena inform\u00e1ci\u00ed<\/li>\n<li>\n<p>V\u00fdber t\u00e9m lekci\u00ed je prisp\u00f4soben\u00fd potreb\u00e1m dne\u0161n\u00e9ho s\u00fakromn\u00e9ho a pracovn\u00e9ho \u017eivota. Kurz poskytuje z\u00e1kladn\u00fa slovn\u00fa z\u00e1sobu a \u010d\u00edtacie texty. V kurze sa precvi\u010duj\u00fa \u0161tyri zru\u010dnosti (hovorenie, p\u00edsanie, \u010d\u00edtanie, po\u010d\u00favanie) pod\u013ea po\u017eiadaviek Eur\u00f3pskeho referen\u010dn\u00e9ho r\u00e1mca.<\/p>\n<p><strong>\u00darove\u0148 B1 v nem\u010dine zah\u0155\u0148a zvy\u010dajne nasleduj\u00face obsahov\u00e9 oblasti:<\/strong><\/p>\n<p>Gramatika: Preh\u013abenie z\u00e1kladn\u00fdch gramatick\u00fdch pravidiel, ako napr\u00edklad konjunkt\u00edv II, pas\u00edvum, vz\u0165a\u017en\u00e9 vety a nepriamu re\u010d.<\/p>\n<p>Slovn\u00e1 z\u00e1soba: Roz\u0161\u00edrenie slovnej z\u00e1soby pre ka\u017edodenn\u00fd \u017eivot, pr\u00e1cu a \u0161peci\u00e1lne tematick\u00e9 oblasti.<\/p>\n<p>Po\u010d\u00favanie: Porozumenie dlh\u0161\u00edm rozhovorom, spr\u00e1vam a rozhlasov\u00fdm pr\u00edspevkom.<\/p>\n<p>\u010c\u00edtanie: \u010c\u00edtanie a porozumenie novinov\u00fdch \u010dl\u00e1nkov, spr\u00e1v a liter\u00e1rnych textov.<\/p>\n<p>P\u00edsanie: P\u00edsanie listov, e-mailov a spr\u00e1v.<\/p>\n<p>Hovorenie: Vedenie rozhovorov na r\u00f4zne t\u00e9my, diskusie a prezent\u00e1cie.<\/p>\n<\/li>\n<\/ul>\t\t\t\t\t\t<\/div>\n\t\t\t\t<\/div>\n\t\t<div class=\"elementor-element elementor-element-a4e9a4a e-flex e-con-boxed e-con e-child\" data-id=\"a4e9a4a\" data-element_type=\"container\" data-settings=\"{&quot;background_background&quot;:&quot;classic&quot;}\">\n\t\t\t\t\t<div class=\"e-con-inner\">\n\t\t\t\t<div class=\"elementor-element elementor-element-3870b33 elementor-widget elementor-widget-heading\" data-id=\"3870b33\" data-element_type=\"widget\" data-widget_type=\"heading.default\">\n\t\t\t\t<div class=\"elementor-widget-container\">\n\t\t\t<style>\/*! elementor - v3.20.0 - 20-03-2024 *\/\n.elementor-heading-title{padding:0;margin:0;line-height:1}.elementor-widget-heading .elementor-heading-title[class*=elementor-size-]>a{color:inherit;font-size:inherit;line-height:inherit}.elementor-widget-heading .elementor-heading-title.elementor-size-small{font-size:15px}.elementor-widget-heading .elementor-heading-title.elementor-size-medium{font-size:19px}.elementor-widget-heading .elementor-heading-title.elementor-size-large{font-size:29px}.elementor-widget-heading .elementor-heading-title.elementor-size-xl{font-size:39px}.elementor-widget-heading .elementor-heading-title.elementor-size-xxl{font-size:59px}<\/style><h2 class=\"elementor-heading-title elementor-size-default\">Podrobnosti kurzu:<\/h2>\t\t<\/div>\n\t\t\t\t<\/div>\n\t\t<div class=\"elementor-element elementor-element-f419ae8 e-flex e-con-boxed e-con e-child\" data-id=\"f419ae8\" data-element_type=\"container\">\n\t\t\t\t\t<div class=\"e-con-inner\">\n\t\t<div class=\"elementor-element elementor-element-bf62a8a e-flex e-con-boxed e-con e-child\" data-id=\"bf62a8a\" data-element_type=\"container\">\n\t\t\t\t\t<div class=\"e-con-inner\">\n\t\t\t\t<div class=\"elementor-element elementor-element-7277256 elementor-view-stacked elementor-shape-circle elementor-position-top elementor-mobile-position-top elementor-widget elementor-widget-icon-box\" data-id=\"7277256\" data-element_type=\"widget\" data-widget_type=\"icon-box.default\">\n\t\t\t\t<div class=\"elementor-widget-container\">\n\t\t\t<link rel=\"stylesheet\" href=\"https:\/\/sprachteam.at\/wp-content\/plugins\/elementor\/assets\/css\/widget-icon-box.min.css\">\t\t<div class=\"elementor-icon-box-wrapper\">\n\t\t\t\t\t\t<div class=\"elementor-icon-box-icon\">\n\t\t\t\t<span  class=\"elementor-icon elementor-animation-\">\n\t\t\t\t<svg aria-hidden=\"true\" class=\"e-font-icon-svg e-fas-info\" viewBox=\"0 0 192 512\" xmlns=\"http:\/\/www.w3.org\/2000\/svg\"><path d=\"M20 424.229h20V279.771H20c-11.046 0-20-8.954-20-20V212c0-11.046 8.954-20 20-20h112c11.046 0 20 8.954 20 20v212.229h20c11.046 0 20 8.954 20 20V492c0 11.046-8.954 20-20 20H20c-11.046 0-20-8.954-20-20v-47.771c0-11.046 8.954-20 20-20zM96 0C56.235 0 24 32.235 24 72s32.235 72 72 72 72-32.235 72-72S135.764 0 96 0z\"><\/path><\/svg>\t\t\t\t<\/span>\n\t\t\t<\/div>\n\t\t\t\t\t\t<div class=\"elementor-icon-box-content\">\n\t\t\t\t<h3 class=\"elementor-icon-box-title\">\n\t\t\t\t\t<span  >\n\t\t\t\t\t\t\t\t\t\t\t<\/span>\n\t\t\t\t<\/h3>\n\t\t\t\t\t\t\t<\/div>\n\t\t<\/div>\n\t\t\t\t<\/div>\n\t\t\t\t<\/div>\n\t\t\t\t<div class=\"elementor-element elementor-element-2fa68e4 elementor-widget elementor-widget-text-editor\" data-id=\"2fa68e4\" data-element_type=\"widget\" data-widget_type=\"text-editor.default\">\n\t\t\t\t<div class=\"elementor-widget-container\">\n\t\t\t\t\t\t\t<p><strong>Typ kurzu:<\/strong> B1<\/p>\t\t\t\t\t\t<\/div>\n\t\t\t\t<\/div>\n\t\t\t\t\t<\/div>\n\t\t\t\t<\/div>\n\t\t<div class=\"elementor-element elementor-element-93f85f7 e-flex e-con-boxed e-con e-child\" data-id=\"93f85f7\" data-element_type=\"container\">\n\t\t\t\t\t<div class=\"e-con-inner\">\n\t\t\t\t<div class=\"elementor-element elementor-element-eb09e6f elementor-view-stacked elementor-shape-circle elementor-position-top elementor-mobile-position-top elementor-widget elementor-widget-icon-box\" data-id=\"eb09e6f\" data-element_type=\"widget\" data-widget_type=\"icon-box.default\">\n\t\t\t\t<div class=\"elementor-widget-container\">\n\t\t\t\t\t<div class=\"elementor-icon-box-wrapper\">\n\t\t\t\t\t\t<div class=\"elementor-icon-box-icon\">\n\t\t\t\t<span  class=\"elementor-icon elementor-animation-\">\n\t\t\t\t<svg aria-hidden=\"true\" class=\"e-font-icon-svg e-far-clock\" viewBox=\"0 0 512 512\" xmlns=\"http:\/\/www.w3.org\/2000\/svg\"><path d=\"M256 8C119 8 8 119 8 256s111 248 248 248 248-111 248-248S393 8 256 8zm0 448c-110.5 0-200-89.5-200-200S145.5 56 256 56s200 89.5 200 200-89.5 200-200 200zm61.8-104.4l-84.9-61.7c-3.1-2.3-4.9-5.9-4.9-9.7V116c0-6.6 5.4-12 12-12h32c6.6 0 12 5.4 12 12v141.7l66.8 48.6c5.4 3.9 6.5 11.4 2.6 16.8L334.6 349c-3.9 5.3-11.4 6.5-16.8 2.6z\"><\/path><\/svg>\t\t\t\t<\/span>\n\t\t\t<\/div>\n\t\t\t\t\t\t<div class=\"elementor-icon-box-content\">\n\t\t\t\t<h3 class=\"elementor-icon-box-title\">\n\t\t\t\t\t<span  >\n\t\t\t\t\t\t\t\t\t\t\t<\/span>\n\t\t\t\t<\/h3>\n\t\t\t\t\t\t\t<\/div>\n\t\t<\/div>\n\t\t\t\t<\/div>\n\t\t\t\t<\/div>\n\t\t\t\t<div class=\"elementor-element elementor-element-c1e4bd7 elementor-widget elementor-widget-text-editor\" data-id=\"c1e4bd7\" data-element_type=\"widget\" data-widget_type=\"text-editor.default\">\n\t\t\t\t<div class=\"elementor-widget-container\">\n\t\t\t\t\t\t\t<p><strong>Trvanie kurzu:<\/strong> 8x50min<\/p>\t\t\t\t\t\t<\/div>\n\t\t\t\t<\/div>\n\t\t\t\t\t<\/div>\n\t\t\t\t<\/div>\n\t\t<div class=\"elementor-element elementor-element-7ee00f1 e-flex e-con-boxed e-con e-child\" data-id=\"7ee00f1\" data-element_type=\"container\">\n\t\t\t\t\t<div class=\"e-con-inner\">\n\t\t\t\t<div class=\"elementor-element elementor-element-a9b682c elementor-view-stacked elementor-shape-circle elementor-position-top elementor-mobile-position-top elementor-widget elementor-widget-icon-box\" data-id=\"a9b682c\" data-element_type=\"widget\" data-widget_type=\"icon-box.default\">\n\t\t\t\t<div class=\"elementor-widget-container\">\n\t\t\t\t\t<div class=\"elementor-icon-box-wrapper\">\n\t\t\t\t\t\t<div class=\"elementor-icon-box-icon\">\n\t\t\t\t<span  class=\"elementor-icon elementor-animation-\">\n\t\t\t\t<svg aria-hidden=\"true\" class=\"e-font-icon-svg e-fas-euro-sign\" viewBox=\"0 0 320 512\" xmlns=\"http:\/\/www.w3.org\/2000\/svg\"><path d=\"M310.706 413.765c-1.314-6.63-7.835-10.872-14.424-9.369-10.692 2.439-27.422 5.413-45.426 5.413-56.763 0-101.929-34.79-121.461-85.449h113.689a12 12 0 0 0 11.708-9.369l6.373-28.36c1.686-7.502-4.019-14.631-11.708-14.631H115.22c-1.21-14.328-1.414-28.287.137-42.245H261.95a12 12 0 0 0 11.723-9.434l6.512-29.755c1.638-7.484-4.061-14.566-11.723-14.566H130.184c20.633-44.991 62.69-75.03 117.619-75.03 14.486 0 28.564 2.25 37.851 4.145 6.216 1.268 12.347-2.498 14.002-8.623l11.991-44.368c1.822-6.741-2.465-13.616-9.326-14.917C290.217 34.912 270.71 32 249.635 32 152.451 32 74.03 92.252 45.075 176H12c-6.627 0-12 5.373-12 12v29.755c0 6.627 5.373 12 12 12h21.569c-1.009 13.607-1.181 29.287-.181 42.245H12c-6.627 0-12 5.373-12 12v28.36c0 6.627 5.373 12 12 12h30.114C67.139 414.692 145.264 480 249.635 480c26.301 0 48.562-4.544 61.101-7.788 6.167-1.595 10.027-7.708 8.788-13.957l-8.818-44.49z\"><\/path><\/svg>\t\t\t\t<\/span>\n\t\t\t<\/div>\n\t\t\t\t\t\t<div class=\"elementor-icon-box-content\">\n\t\t\t\t<h3 class=\"elementor-icon-box-title\">\n\t\t\t\t\t<span  >\n\t\t\t\t\t\t\t\t\t\t\t<\/span>\n\t\t\t\t<\/h3>\n\t\t\t\t\t\t\t<\/div>\n\t\t<\/div>\n\t\t\t\t<\/div>\n\t\t\t\t<\/div>\n\t\t\t\t<div class=\"elementor-element elementor-element-d52a080 elementor-widget elementor-widget-text-editor\" data-id=\"d52a080\" data-element_type=\"widget\" data-widget_type=\"text-editor.default\">\n\t\t\t\t<div class=\"elementor-widget-container\">\n\t\t\t\t\t\t\t<p><b>Cena: 169 \u20ac<\/b><\/p>\t\t\t\t\t\t<\/div>\n\t\t\t\t<\/div>\n\t\t\t\t\t<\/div>\n\t\t\t\t<\/div>\n\t\t\t\t\t<\/div>\n\t\t\t\t<\/div>\n\t\t\t\t\t<\/div>\n\t\t\t\t<\/div>\n\t\t\t\t<\/div>\n\t\t\t\t\t<\/div>\n\t\t\t\t<\/div>\n\t\t\t\t<\/div>\n\t\t","protected":false},"excerpt":{"rendered":"<p>V\u00fdber t\u00e9m lekci\u00ed je prisp\u00f4soben\u00fd potreb\u00e1m dne\u0161n\u00e9ho s\u00fakromn\u00e9ho a pracovn\u00e9ho \u017eivota. Kurz B1 poskytuje slovn\u00fa z\u00e1sobu a texty. V kurze sa precvi\u010duj\u00fa \u0161tyri zru\u010dnosti (hovorenie, p\u00edsanie, \u010d\u00edtanie, po\u010d\u00favanie) pod\u013ea po\u017eiadaviek Eur\u00f3pskeho referen\u010dn\u00e9ho r\u00e1mca. Obsah kurzu B1: Pamiatky, spozn\u00e1vanie mesta, p\u00edsanie listov a pozv\u00e1nok Vyjadrovanie \u017eelan\u00ed, rozpr\u00e1vanie o z\u00e1\u013eub\u00e1ch a z\u00e1ujmoch Diskutovanie o obchodn\u00fdch procesoch, nadv\u00e4zovanie [&hellip;]<\/p>\n","protected":false},"author":1,"featured_media":0,"parent":4502,"menu_order":0,"comment_status":"closed","ping_status":"closed","template":"","meta":{"footnotes":""},"class_list":["post-4521","page","type-page","status-publish","hentry"],"yoast_head":"<!-- This site is optimized with the Yoast SEO plugin v22.5 - https:\/\/yoast.com\/wordpress\/plugins\/seo\/ -->\n<title>Online kurz Nemeck\u00e9ho jazyka B1 - Sprachteam.at<\/title>\n<meta name=\"robots\" content=\"index, follow, max-snippet:-1, max-image-preview:large, max-video-preview:-1\" \/>\n<link rel=\"canonical\" href=\"https:\/\/sprachteam.at\/sk\/kurzy\/online-kurz-nemeckeho-jazyka-b1\/\" \/>\n<meta property=\"og:locale\" content=\"sk_SK\" \/>\n<meta property=\"og:type\" content=\"article\" \/>\n<meta property=\"og:title\" content=\"Online kurz Nemeck\u00e9ho jazyka B1 - Sprachteam.at\" \/>\n<meta property=\"og:description\" content=\"V\u00fdber t\u00e9m lekci\u00ed je prisp\u00f4soben\u00fd potreb\u00e1m dne\u0161n\u00e9ho s\u00fakromn\u00e9ho a pracovn\u00e9ho \u017eivota. Kurz B1 poskytuje slovn\u00fa z\u00e1sobu a texty. V kurze sa precvi\u010duj\u00fa \u0161tyri zru\u010dnosti (hovorenie, p\u00edsanie, \u010d\u00edtanie, po\u010d\u00favanie) pod\u013ea po\u017eiadaviek Eur\u00f3pskeho referen\u010dn\u00e9ho r\u00e1mca. Obsah kurzu B1: Pamiatky, spozn\u00e1vanie mesta, p\u00edsanie listov a pozv\u00e1nok Vyjadrovanie \u017eelan\u00ed, rozpr\u00e1vanie o z\u00e1\u013eub\u00e1ch a z\u00e1ujmoch Diskutovanie o obchodn\u00fdch procesoch, nadv\u00e4zovanie [&hellip;]\" \/>\n<meta property=\"og:url\" content=\"https:\/\/sprachteam.at\/sk\/kurzy\/online-kurz-nemeckeho-jazyka-b1\/\" \/>\n<meta property=\"og:site_name\" content=\"Sprachteam.at\" \/>\n<meta property=\"article:modified_time\" content=\"2025-01-29T10:51:51+00:00\" \/>\n<meta property=\"og:image\" content=\"http:\/\/sprachteam.at\/wp-content\/uploads\/2020\/10\/zoom_05.jpg\" \/>\n<meta name=\"twitter:card\" content=\"summary_large_image\" \/>\n<meta name=\"twitter:label1\" content=\"Predpokladan\u00fd \u010das \u010d\u00edtania\" \/>\n\t<meta name=\"twitter:data1\" content=\"2 min\u00faty\" \/>\n<script type=\"application\/ld+json\" class=\"yoast-schema-graph\">{\"@context\":\"https:\/\/schema.org\",\"@graph\":[{\"@type\":\"WebPage\",\"@id\":\"https:\/\/sprachteam.at\/sk\/kurzy\/online-kurz-nemeckeho-jazyka-b1\/\",\"url\":\"https:\/\/sprachteam.at\/sk\/kurzy\/online-kurz-nemeckeho-jazyka-b1\/\",\"name\":\"Online kurz Nemeck\u00e9ho jazyka B1 - Sprachteam.at\",\"isPartOf\":{\"@id\":\"https:\/\/sprachteam.at\/sk\/#website\"},\"primaryImageOfPage\":{\"@id\":\"https:\/\/sprachteam.at\/sk\/kurzy\/online-kurz-nemeckeho-jazyka-b1\/#primaryimage\"},\"image\":{\"@id\":\"https:\/\/sprachteam.at\/sk\/kurzy\/online-kurz-nemeckeho-jazyka-b1\/#primaryimage\"},\"thumbnailUrl\":\"http:\/\/sprachteam.at\/wp-content\/uploads\/2020\/10\/zoom_05.jpg\",\"datePublished\":\"2024-03-22T21:23:45+00:00\",\"dateModified\":\"2025-01-29T10:51:51+00:00\",\"breadcrumb\":{\"@id\":\"https:\/\/sprachteam.at\/sk\/kurzy\/online-kurz-nemeckeho-jazyka-b1\/#breadcrumb\"},\"inLanguage\":\"sk-SK\",\"potentialAction\":[{\"@type\":\"ReadAction\",\"target\":[\"https:\/\/sprachteam.at\/sk\/kurzy\/online-kurz-nemeckeho-jazyka-b1\/\"]}]},{\"@type\":\"ImageObject\",\"inLanguage\":\"sk-SK\",\"@id\":\"https:\/\/sprachteam.at\/sk\/kurzy\/online-kurz-nemeckeho-jazyka-b1\/#primaryimage\",\"url\":\"http:\/\/sprachteam.at\/wp-content\/uploads\/2020\/10\/zoom_05.jpg\",\"contentUrl\":\"http:\/\/sprachteam.at\/wp-content\/uploads\/2020\/10\/zoom_05.jpg\"},{\"@type\":\"BreadcrumbList\",\"@id\":\"https:\/\/sprachteam.at\/sk\/kurzy\/online-kurz-nemeckeho-jazyka-b1\/#breadcrumb\",\"itemListElement\":[{\"@type\":\"ListItem\",\"position\":1,\"name\":\"Startseite\",\"item\":\"https:\/\/sprachteam.at\/sk\/\"},{\"@type\":\"ListItem\",\"position\":2,\"name\":\"Kurzy\",\"item\":\"https:\/\/sprachteam.at\/sk\/kurse\/\"},{\"@type\":\"ListItem\",\"position\":3,\"name\":\"Online kurz Nemeck\u00e9ho jazyka B1\"}]},{\"@type\":\"WebSite\",\"@id\":\"https:\/\/sprachteam.at\/sk\/#website\",\"url\":\"https:\/\/sprachteam.at\/sk\/\",\"name\":\"Sprachteam.at\",\"description\":\"Online kurzy Nemeck\u00e9ho jazyka, Slovensk\u00e9ho jazyka a jazykov\u00fd spolok Jazykov\u00fd most SK-AT.\",\"potentialAction\":[{\"@type\":\"SearchAction\",\"target\":{\"@type\":\"EntryPoint\",\"urlTemplate\":\"https:\/\/sprachteam.at\/sk\/?s={search_term_string}\"},\"query-input\":\"required name=search_term_string\"}],\"inLanguage\":\"sk-SK\"}]}<\/script>\n<!-- \/ Yoast SEO plugin. -->","yoast_head_json":{"title":"Online kurz Nemeck\u00e9ho jazyka B1 - Sprachteam.at","robots":{"index":"index","follow":"follow","max-snippet":"max-snippet:-1","max-image-preview":"max-image-preview:large","max-video-preview":"max-video-preview:-1"},"canonical":"https:\/\/sprachteam.at\/sk\/kurzy\/online-kurz-nemeckeho-jazyka-b1\/","og_locale":"sk_SK","og_type":"article","og_title":"Online kurz Nemeck\u00e9ho jazyka B1 - Sprachteam.at","og_description":"V\u00fdber t\u00e9m lekci\u00ed je prisp\u00f4soben\u00fd potreb\u00e1m dne\u0161n\u00e9ho s\u00fakromn\u00e9ho a pracovn\u00e9ho \u017eivota. Kurz B1 poskytuje slovn\u00fa z\u00e1sobu a texty. V kurze sa precvi\u010duj\u00fa \u0161tyri zru\u010dnosti (hovorenie, p\u00edsanie, \u010d\u00edtanie, po\u010d\u00favanie) pod\u013ea po\u017eiadaviek Eur\u00f3pskeho referen\u010dn\u00e9ho r\u00e1mca. Obsah kurzu B1: Pamiatky, spozn\u00e1vanie mesta, p\u00edsanie listov a pozv\u00e1nok Vyjadrovanie \u017eelan\u00ed, rozpr\u00e1vanie o z\u00e1\u013eub\u00e1ch a z\u00e1ujmoch Diskutovanie o obchodn\u00fdch procesoch, nadv\u00e4zovanie [&hellip;]","og_url":"https:\/\/sprachteam.at\/sk\/kurzy\/online-kurz-nemeckeho-jazyka-b1\/","og_site_name":"Sprachteam.at","article_modified_time":"2025-01-29T10:51:51+00:00","og_image":[{"url":"http:\/\/sprachteam.at\/wp-content\/uploads\/2020\/10\/zoom_05.jpg"}],"twitter_card":"summary_large_image","twitter_misc":{"Predpokladan\u00fd \u010das \u010d\u00edtania":"2 min\u00faty"},"schema":{"@context":"https:\/\/schema.org","@graph":[{"@type":"WebPage","@id":"https:\/\/sprachteam.at\/sk\/kurzy\/online-kurz-nemeckeho-jazyka-b1\/","url":"https:\/\/sprachteam.at\/sk\/kurzy\/online-kurz-nemeckeho-jazyka-b1\/","name":"Online kurz Nemeck\u00e9ho jazyka B1 - Sprachteam.at","isPartOf":{"@id":"https:\/\/sprachteam.at\/sk\/#website"},"primaryImageOfPage":{"@id":"https:\/\/sprachteam.at\/sk\/kurzy\/online-kurz-nemeckeho-jazyka-b1\/#primaryimage"},"image":{"@id":"https:\/\/sprachteam.at\/sk\/kurzy\/online-kurz-nemeckeho-jazyka-b1\/#primaryimage"},"thumbnailUrl":"http:\/\/sprachteam.at\/wp-content\/uploads\/2020\/10\/zoom_05.jpg","datePublished":"2024-03-22T21:23:45+00:00","dateModified":"2025-01-29T10:51:51+00:00","breadcrumb":{"@id":"https:\/\/sprachteam.at\/sk\/kurzy\/online-kurz-nemeckeho-jazyka-b1\/#breadcrumb"},"inLanguage":"sk-SK","potentialAction":[{"@type":"ReadAction","target":["https:\/\/sprachteam.at\/sk\/kurzy\/online-kurz-nemeckeho-jazyka-b1\/"]}]},{"@type":"ImageObject","inLanguage":"sk-SK","@id":"https:\/\/sprachteam.at\/sk\/kurzy\/online-kurz-nemeckeho-jazyka-b1\/#primaryimage","url":"http:\/\/sprachteam.at\/wp-content\/uploads\/2020\/10\/zoom_05.jpg","contentUrl":"http:\/\/sprachteam.at\/wp-content\/uploads\/2020\/10\/zoom_05.jpg"},{"@type":"BreadcrumbList","@id":"https:\/\/sprachteam.at\/sk\/kurzy\/online-kurz-nemeckeho-jazyka-b1\/#breadcrumb","itemListElement":[{"@type":"ListItem","position":1,"name":"Startseite","item":"https:\/\/sprachteam.at\/sk\/"},{"@type":"ListItem","position":2,"name":"Kurzy","item":"https:\/\/sprachteam.at\/sk\/kurse\/"},{"@type":"ListItem","position":3,"name":"Online kurz Nemeck\u00e9ho jazyka B1"}]},{"@type":"WebSite","@id":"https:\/\/sprachteam.at\/sk\/#website","url":"https:\/\/sprachteam.at\/sk\/","name":"Sprachteam.at","description":"Online kurzy Nemeck\u00e9ho jazyka, Slovensk\u00e9ho jazyka a jazykov\u00fd spolok Jazykov\u00fd most SK-AT.","potentialAction":[{"@type":"SearchAction","target":{"@type":"EntryPoint","urlTemplate":"https:\/\/sprachteam.at\/sk\/?s={search_term_string}"},"query-input":"required name=search_term_string"}],"inLanguage":"sk-SK"}]}},"_links":{"self":[{"href":"https:\/\/sprachteam.at\/sk\/wp-json\/wp\/v2\/pages\/4521","targetHints":{"allow":["GET"]}}],"collection":[{"href":"https:\/\/sprachteam.at\/sk\/wp-json\/wp\/v2\/pages"}],"about":[{"href":"https:\/\/sprachteam.at\/sk\/wp-json\/wp\/v2\/types\/page"}],"author":[{"embeddable":true,"href":"https:\/\/sprachteam.at\/sk\/wp-json\/wp\/v2\/users\/1"}],"replies":[{"embeddable":true,"href":"https:\/\/sprachteam.at\/sk\/wp-json\/wp\/v2\/comments?post=4521"}],"version-history":[{"count":73,"href":"https:\/\/sprachteam.at\/sk\/wp-json\/wp\/v2\/pages\/4521\/revisions"}],"predecessor-version":[{"id":6411,"href":"https:\/\/sprachteam.at\/sk\/wp-json\/wp\/v2\/pages\/4521\/revisions\/6411"}],"up":[{"embeddable":true,"href":"https:\/\/sprachteam.at\/sk\/wp-json\/wp\/v2\/pages\/4502"}],"wp:attachment":[{"href":"https:\/\/sprachteam.at\/sk\/wp-json\/wp\/v2\/media?parent=4521"}],"curies":[{"name":"wp","href":"https:\/\/api.w.org\/{rel}","templated":true}]}}