{"id":5497,"date":"2024-04-24T12:35:33","date_gmt":"2024-04-24T10:35:33","guid":{"rendered":"http:\/\/sprachteam.at\/sukromie\/"},"modified":"2024-04-24T12:36:22","modified_gmt":"2024-04-24T10:36:22","slug":"sukromie","status":"publish","type":"page","link":"https:\/\/sprachteam.at\/sk\/sukromie\/","title":{"rendered":"Ochrana osobn\u00fdch \u00fadajov"},"content":{"rendered":"\n<p>Ochrana a spracovanie osobn\u00fdch \u00fadajov, pr\u00e1va dotknutej osoby<\/p>\n\n\n\n<p>S\u00fahlas so spracovan\u00edm osobn\u00fdch \u00fadajov<br>S\u00fahlasom so spracovan\u00ed osobn\u00fdch \u00fadajov povo\u013euje dotknut\u00e1 osoba majite\u013eovi str\u00e1nky Angela Michelitsch, so s\u00eddlom Chme\u013enica 21, 064 01 Star\u00e1 \u013dubov\u0148a, (\u010ealej len &#8220;Spr\u00e1vca&#8221;), aby v zmysle z\u00e1kona \u010d. 18\/2018 Z. z. o ochrane osobn\u00fdch \u00fadajov a o zmene a doplnen\u00ed niektor\u00fdch z\u00e1konov (\u010falej len &#8220;z\u00e1kon o ochrane osobn\u00fdch \u00fadajov&#8221;) spracov\u00e1vala tieto osobn\u00e9 \u00fadaje dotknutej osoby:<\/p>\n\n\n\n<p>Meno a priezvisko<br>E-mail<br>Telef\u00f3nne \u010c\u00edslo<\/p>\n\n\n\n<p>Meno, priezvisko, telef\u00f3nne \u010d\u00edslo a e-mail je nutn\u00e9 spracova\u0165 za \u00fa\u010delom vypracovania cenovej ponuky a vystavenie fakt\u00fary za odovzdan\u00e9 slu\u017eby. Tieto \u00fadaje bud\u00fa Spr\u00e1vcom spracovan\u00e9 po dobu 4 mesiacov.<\/p>\n\n\n\n<p>Spracovanie osobn\u00fdch \u00fadajov<\/p>\n\n\n\n<p>S\u00fahlasom so spracovan\u00edm osobn\u00fdch \u00fadajov ude\u013euje dotknut\u00e1 osoba svoj v\u00fdslovn\u00fd s\u00fahlas s vy\u0161\u0161ie uveden\u00fdm spracovan\u00edm. S\u00fahlas mo\u017eno vzia\u0165 kedyko\u013evek sp\u00e4\u0165, a to zaslan\u00edm emailu na info@sprachteam.at alebo zaslan\u00edm listu na kontaktn\u00e9 \u00fadaje spr\u00e1vcu.<\/p>\n\n\n\n<p>Spracovanie osobn\u00fdch \u00fadajov je vykon\u00e1van\u00e9 Spr\u00e1vcom<\/p>\n\n\n\n<p>Pr\u00e1va na opravu, zabudnutie a pr\u00edstup k osobn\u00fdm \u00fadajom dotknutej osoby<\/p>\n\n\n\n<p>Pros\u00edm vezmite na vedomie, \u017ee pod\u013ea z\u00e1kona o ochrane osobn\u00fdch \u00fadajov m\u00e1 dotknut\u00e1 osoba pr\u00e1vo:<\/p>\n\n\n\n<p>vzia\u0165 s\u00fahlas kedyko\u013evek sp\u00e4\u0165,<br>vy\u017eiada\u0165 od n\u00e1s inform\u00e1ciu, ak\u00e9 va\u0161e osobn\u00e9 \u00fadaje spracov\u00e1vame,<br>vy\u017eiada\u0165 od n\u00e1s vysvetlenie oh\u013eadne spracovania osobn\u00fdch \u00fadajov,<br>vy\u017eiada\u0165 si u n\u00e1s v\u00fdpis t\u00fdchto \u00fadajov a tieto necha\u0165 aktualizova\u0165 alebo opravi\u0165,<br>po\u017eadova\u0165 od n\u00e1s vymazanie t\u00fdchto osobn\u00fdch \u00fadajov,<br>V pr\u00edpade pochybnost\u00ed o dodr\u017eiavan\u00ed povinnost\u00ed s\u00favisiacich so spracovan\u00edm osobn\u00fdch \u00fadajov obr\u00e1ti\u0165 sa na n\u00e1s alebo na \u00darad na ochranu osobn\u00fdch \u00fadajov.<\/p>\n","protected":false},"excerpt":{"rendered":"<p>Ochrana a spracovanie osobn\u00fdch \u00fadajov, pr\u00e1va dotknutej osoby S\u00fahlas so spracovan\u00edm osobn\u00fdch \u00fadajovS\u00fahlasom so spracovan\u00ed osobn\u00fdch \u00fadajov povo\u013euje dotknut\u00e1 osoba majite\u013eovi str\u00e1nky Angela Michelitsch, so s\u00eddlom Chme\u013enica 21, 064 01 Star\u00e1 \u013dubov\u0148a, (\u010ealej len &#8220;Spr\u00e1vca&#8221;), aby v zmysle z\u00e1kona \u010d. 18\/2018 Z. z. o ochrane osobn\u00fdch \u00fadajov a o zmene a doplnen\u00ed niektor\u00fdch z\u00e1konov (\u010falej [&hellip;]<\/p>\n","protected":false},"author":1,"featured_media":0,"parent":0,"menu_order":0,"comment_status":"closed","ping_status":"closed","template":"","meta":{"footnotes":""},"class_list":["post-5497","page","type-page","status-publish","hentry"],"yoast_head":"<!-- This site is optimized with the Yoast SEO plugin v22.5 - https:\/\/yoast.com\/wordpress\/plugins\/seo\/ -->\n<title>Ochrana osobn\u00fdch \u00fadajov - Sprachteam.at<\/title>\n<meta name=\"robots\" content=\"index, follow, max-snippet:-1, max-image-preview:large, max-video-preview:-1\" \/>\n<link rel=\"canonical\" href=\"https:\/\/sprachteam.at\/sk\/sukromie\/\" \/>\n<meta property=\"og:locale\" content=\"sk_SK\" \/>\n<meta property=\"og:type\" content=\"article\" \/>\n<meta property=\"og:title\" content=\"Ochrana osobn\u00fdch \u00fadajov - Sprachteam.at\" \/>\n<meta property=\"og:description\" content=\"Ochrana a spracovanie osobn\u00fdch \u00fadajov, pr\u00e1va dotknutej osoby S\u00fahlas so spracovan\u00edm osobn\u00fdch \u00fadajovS\u00fahlasom so spracovan\u00ed osobn\u00fdch \u00fadajov povo\u013euje dotknut\u00e1 osoba majite\u013eovi str\u00e1nky Angela Michelitsch, so s\u00eddlom Chme\u013enica 21, 064 01 Star\u00e1 \u013dubov\u0148a, (\u010ealej len &#8220;Spr\u00e1vca&#8221;), aby v zmysle z\u00e1kona \u010d. 18\/2018 Z. z. o ochrane osobn\u00fdch \u00fadajov a o zmene a doplnen\u00ed niektor\u00fdch z\u00e1konov (\u010falej [&hellip;]\" \/>\n<meta property=\"og:url\" content=\"https:\/\/sprachteam.at\/sk\/sukromie\/\" \/>\n<meta property=\"og:site_name\" content=\"Sprachteam.at\" \/>\n<meta property=\"article:modified_time\" content=\"2024-04-24T10:36:22+00:00\" \/>\n<meta name=\"twitter:card\" content=\"summary_large_image\" \/>\n<meta name=\"twitter:label1\" content=\"Predpokladan\u00fd \u010das \u010d\u00edtania\" \/>\n\t<meta name=\"twitter:data1\" content=\"2 min\u00faty\" \/>\n<script type=\"application\/ld+json\" class=\"yoast-schema-graph\">{\"@context\":\"https:\/\/schema.org\",\"@graph\":[{\"@type\":\"WebPage\",\"@id\":\"https:\/\/sprachteam.at\/sk\/sukromie\/\",\"url\":\"https:\/\/sprachteam.at\/sk\/sukromie\/\",\"name\":\"Ochrana osobn\u00fdch \u00fadajov - Sprachteam.at\",\"isPartOf\":{\"@id\":\"https:\/\/sprachteam.at\/sk\/#website\"},\"datePublished\":\"2024-04-24T10:35:33+00:00\",\"dateModified\":\"2024-04-24T10:36:22+00:00\",\"breadcrumb\":{\"@id\":\"https:\/\/sprachteam.at\/sk\/sukromie\/#breadcrumb\"},\"inLanguage\":\"sk-SK\",\"potentialAction\":[{\"@type\":\"ReadAction\",\"target\":[\"https:\/\/sprachteam.at\/sk\/sukromie\/\"]}]},{\"@type\":\"BreadcrumbList\",\"@id\":\"https:\/\/sprachteam.at\/sk\/sukromie\/#breadcrumb\",\"itemListElement\":[{\"@type\":\"ListItem\",\"position\":1,\"name\":\"Startseite\",\"item\":\"https:\/\/sprachteam.at\/sk\/\"},{\"@type\":\"ListItem\",\"position\":2,\"name\":\"Ochrana osobn\u00fdch \u00fadajov\"}]},{\"@type\":\"WebSite\",\"@id\":\"https:\/\/sprachteam.at\/sk\/#website\",\"url\":\"https:\/\/sprachteam.at\/sk\/\",\"name\":\"Sprachteam.at\",\"description\":\"Online kurzy Nemeck\u00e9ho jazyka, Slovensk\u00e9ho jazyka a jazykov\u00fd spolok Jazykov\u00fd most SK-AT.\",\"potentialAction\":[{\"@type\":\"SearchAction\",\"target\":{\"@type\":\"EntryPoint\",\"urlTemplate\":\"https:\/\/sprachteam.at\/sk\/?s={search_term_string}\"},\"query-input\":\"required name=search_term_string\"}],\"inLanguage\":\"sk-SK\"}]}<\/script>\n<!-- \/ Yoast SEO plugin. -->","yoast_head_json":{"title":"Ochrana osobn\u00fdch \u00fadajov - Sprachteam.at","robots":{"index":"index","follow":"follow","max-snippet":"max-snippet:-1","max-image-preview":"max-image-preview:large","max-video-preview":"max-video-preview:-1"},"canonical":"https:\/\/sprachteam.at\/sk\/sukromie\/","og_locale":"sk_SK","og_type":"article","og_title":"Ochrana osobn\u00fdch \u00fadajov - Sprachteam.at","og_description":"Ochrana a spracovanie osobn\u00fdch \u00fadajov, pr\u00e1va dotknutej osoby S\u00fahlas so spracovan\u00edm osobn\u00fdch \u00fadajovS\u00fahlasom so spracovan\u00ed osobn\u00fdch \u00fadajov povo\u013euje dotknut\u00e1 osoba majite\u013eovi str\u00e1nky Angela Michelitsch, so s\u00eddlom Chme\u013enica 21, 064 01 Star\u00e1 \u013dubov\u0148a, (\u010ealej len &#8220;Spr\u00e1vca&#8221;), aby v zmysle z\u00e1kona \u010d. 18\/2018 Z. z. o ochrane osobn\u00fdch \u00fadajov a o zmene a doplnen\u00ed niektor\u00fdch z\u00e1konov (\u010falej [&hellip;]","og_url":"https:\/\/sprachteam.at\/sk\/sukromie\/","og_site_name":"Sprachteam.at","article_modified_time":"2024-04-24T10:36:22+00:00","twitter_card":"summary_large_image","twitter_misc":{"Predpokladan\u00fd \u010das \u010d\u00edtania":"2 min\u00faty"},"schema":{"@context":"https:\/\/schema.org","@graph":[{"@type":"WebPage","@id":"https:\/\/sprachteam.at\/sk\/sukromie\/","url":"https:\/\/sprachteam.at\/sk\/sukromie\/","name":"Ochrana osobn\u00fdch \u00fadajov - Sprachteam.at","isPartOf":{"@id":"https:\/\/sprachteam.at\/sk\/#website"},"datePublished":"2024-04-24T10:35:33+00:00","dateModified":"2024-04-24T10:36:22+00:00","breadcrumb":{"@id":"https:\/\/sprachteam.at\/sk\/sukromie\/#breadcrumb"},"inLanguage":"sk-SK","potentialAction":[{"@type":"ReadAction","target":["https:\/\/sprachteam.at\/sk\/sukromie\/"]}]},{"@type":"BreadcrumbList","@id":"https:\/\/sprachteam.at\/sk\/sukromie\/#breadcrumb","itemListElement":[{"@type":"ListItem","position":1,"name":"Startseite","item":"https:\/\/sprachteam.at\/sk\/"},{"@type":"ListItem","position":2,"name":"Ochrana osobn\u00fdch \u00fadajov"}]},{"@type":"WebSite","@id":"https:\/\/sprachteam.at\/sk\/#website","url":"https:\/\/sprachteam.at\/sk\/","name":"Sprachteam.at","description":"Online kurzy Nemeck\u00e9ho jazyka, Slovensk\u00e9ho jazyka a jazykov\u00fd spolok Jazykov\u00fd most SK-AT.","potentialAction":[{"@type":"SearchAction","target":{"@type":"EntryPoint","urlTemplate":"https:\/\/sprachteam.at\/sk\/?s={search_term_string}"},"query-input":"required name=search_term_string"}],"inLanguage":"sk-SK"}]}},"_links":{"self":[{"href":"https:\/\/sprachteam.at\/sk\/wp-json\/wp\/v2\/pages\/5497","targetHints":{"allow":["GET"]}}],"collection":[{"href":"https:\/\/sprachteam.at\/sk\/wp-json\/wp\/v2\/pages"}],"about":[{"href":"https:\/\/sprachteam.at\/sk\/wp-json\/wp\/v2\/types\/page"}],"author":[{"embeddable":true,"href":"https:\/\/sprachteam.at\/sk\/wp-json\/wp\/v2\/users\/1"}],"replies":[{"embeddable":true,"href":"https:\/\/sprachteam.at\/sk\/wp-json\/wp\/v2\/comments?post=5497"}],"version-history":[{"count":4,"href":"https:\/\/sprachteam.at\/sk\/wp-json\/wp\/v2\/pages\/5497\/revisions"}],"predecessor-version":[{"id":5501,"href":"https:\/\/sprachteam.at\/sk\/wp-json\/wp\/v2\/pages\/5497\/revisions\/5501"}],"wp:attachment":[{"href":"https:\/\/sprachteam.at\/sk\/wp-json\/wp\/v2\/media?parent=5497"}],"curies":[{"name":"wp","href":"https:\/\/api.w.org\/{rel}","templated":true}]}}