{"id":5741,"date":"2024-04-25T16:29:29","date_gmt":"2024-04-25T14:29:29","guid":{"rendered":"http:\/\/sprachteam.at\/?page_id=5741"},"modified":"2024-11-05T12:32:54","modified_gmt":"2024-11-05T11:32:54","slug":"viac-o-mne","status":"publish","type":"page","link":"https:\/\/sprachteam.at\/sk\/viac-o-mne\/","title":{"rendered":"Viac o mne"},"content":{"rendered":"\t\t<div data-elementor-type=\"wp-page\" data-elementor-id=\"5741\" class=\"elementor elementor-5741 elementor-5735\">\n\t\t\t\t\t\t<section class=\"elementor-section elementor-top-section elementor-element elementor-element-5c8835a2 elementor-section-boxed elementor-section-height-default elementor-section-height-default\" data-id=\"5c8835a2\" data-element_type=\"section\">\n\t\t\t\t\t\t<div class=\"elementor-container elementor-column-gap-default\">\n\t\t\t\t\t<div class=\"elementor-column elementor-col-100 elementor-top-column elementor-element elementor-element-328c4a9e\" data-id=\"328c4a9e\" data-element_type=\"column\">\n\t\t\t<div class=\"elementor-widget-wrap elementor-element-populated\">\n\t\t\t\t\t\t<div class=\"elementor-element elementor-element-76367648 acenter elementor-widget elementor-widget-wgl-double-headings\" data-id=\"76367648\" data-element_type=\"widget\" data-widget_type=\"wgl-double-headings.default\">\n\t\t\t\t<div class=\"elementor-widget-container\">\n\t\t\t<div class=\"wgl-double_heading\"><div class=\"dbl__subtitle\"><span>O mne<\/span><\/div><h2 class=\"dbl__title-wrapper\"><span class=\"dbl__title dbl-title_1\">Angela Michelitsch<\/span><\/h2><\/div>\t\t<\/div>\n\t\t\t\t<\/div>\n\t\t\t\t<div class=\"elementor-element elementor-element-2faf462f elementor-widget elementor-widget-text-editor\" data-id=\"2faf462f\" data-element_type=\"widget\" data-widget_type=\"text-editor.default\">\n\t\t\t\t<div class=\"elementor-widget-container\">\n\t\t\t<style>\/*! elementor - v3.20.0 - 20-03-2024 *\/\n.elementor-widget-text-editor.elementor-drop-cap-view-stacked .elementor-drop-cap{background-color:#69727d;color:#fff}.elementor-widget-text-editor.elementor-drop-cap-view-framed .elementor-drop-cap{color:#69727d;border:3px solid;background-color:transparent}.elementor-widget-text-editor:not(.elementor-drop-cap-view-default) .elementor-drop-cap{margin-top:8px}.elementor-widget-text-editor:not(.elementor-drop-cap-view-default) .elementor-drop-cap-letter{width:1em;height:1em}.elementor-widget-text-editor .elementor-drop-cap{float:left;text-align:center;line-height:1;font-size:50px}.elementor-widget-text-editor .elementor-drop-cap-letter{display:inline-block}<\/style>\t\t\t\t<p>Svoje zru\u010dnosti som z\u00edskala v r\u00f4znych in\u0161tit\u00faci\u00e1ch \u00faspe\u0161n\u00fdm veden\u00edm individu\u00e1lnych a skupinov\u00fdch vzdel\u00e1vac\u00edch kurzov. Za zmienku stoja najm\u00e4 cenn\u00e9 sk\u00fasenosti a skvel\u00e9 \u013eudsk\u00e9 stretnutia, ktor\u00e9 som nadobudla po\u010das spolupr\u00e1ce s jazykovou \u0161kolou Spidi, Rak\u00fasko-slovensk\u00fdm kult\u00farnym spolkom vo Viedni a vzdel\u00e1vac\u00edm in\u0161tit\u00fatom ZIB Training GmbH. \u00daspe\u0161ne som realizovala aj preklady pre firmy.<\/p><p>Ako konzultantka v abz*Austria a Kinderfreunde Wien som mala mo\u017enos\u0165 \u00faspe\u0161ne vyu\u017ei\u0165 svoje poradensk\u00e9 schopnosti a z\u00edska\u0165 cenn\u00e9 poznatky.<\/p><p>Preklad knihy \u201eMamele\u201c od slovenskej autorky Daniely Hroncovej-Faklovej bol pre m\u0148a mimoriadne obohacuj\u00facim a nap\u013a\u0148aj\u00facim z\u00e1\u017eitkom.<span style=\"font-size: 18px; color: var( --e-global-color-text );\">\u00a0Prelo\u017ei\u0165 t\u00fato knihu a vyjadri\u0165 kr\u00e1su pr\u00edbehu v nemeckom jazyku bola skvel\u00e1 \u00faloha.<\/span><\/p><p>M\u00f4j profil zah\u0155\u0148a \u0161t\u00fadium nemeck\u00e9ho a slovensk\u00e9ho jazyka a literat\u00fary, ako aj akt\u00edvnu \u00fa\u010das\u0165 na r\u00f4znych vzdel\u00e1vac\u00edch kurzoch v oblasti odborn\u00e9ho v\u00fdcviku a kou\u010dingu. Svoje vedomosti a zru\u010dnosti som si neust\u00e1le roz\u0161irovala a \u00faspe\u0161ne ich vyu\u017e\u00edvam vo svojej profesion\u00e1lnej pr\u00e1ci.\u00a0<\/p><p>V mojej pr\u00e1ci je pre m\u0148a d\u00f4le\u017eit\u00fd najm\u00e4 \u013eudsk\u00fd aspekt a v\u00fdmena n\u00e1zorov s \u013eu\u010fmi z cel\u00e9ho sveta. V\u00e1\u017eim si medzi\u013eudsk\u00e9 vz\u0165ahy a mo\u017enos\u0165 komunikova\u0165 s \u013eu\u010fmi z r\u00f4znych kult\u00far a u\u010di\u0165 sa jeden od druh\u00e9ho. Rozmanitos\u0165 a obohacuj\u00face sk\u00fasenosti, ktor\u00e9 vypl\u00fdvaj\u00fa z kult\u00farnej v\u00fdmeny, s\u00fa pre m\u0148a ve\u013emi d\u00f4le\u017eit\u00e9.<\/p><p>V s\u00fakromnom \u017eivote rada tr\u00e1vim \u010das s rodinou. Rada s nimi spozn\u00e1vam pr\u00edrodu a okolie.<\/p>\t\t\t\t\t\t<\/div>\n\t\t\t\t<\/div>\n\t\t\t\t\t<\/div>\n\t\t<\/div>\n\t\t\t\t\t<\/div>\n\t\t<\/section>\n\t\t\t\t<\/div>\n\t\t","protected":false},"excerpt":{"rendered":"<p>O mne Angela Michelitsch Svoje zru\u010dnosti som z\u00edskala v r\u00f4znych in\u0161tit\u00faci\u00e1ch \u00faspe\u0161n\u00fdm veden\u00edm individu\u00e1lnych a skupinov\u00fdch vzdel\u00e1vac\u00edch kurzov. Za zmienku stoja najm\u00e4 cenn\u00e9 sk\u00fasenosti a skvel\u00e9 \u013eudsk\u00e9 stretnutia, ktor\u00e9 som nadobudla po\u010das spolupr\u00e1ce s jazykovou \u0161kolou Spidi, Rak\u00fasko-slovensk\u00fdm kult\u00farnym spolkom vo Viedni a vzdel\u00e1vac\u00edm in\u0161tit\u00fatom ZIB Training GmbH. \u00daspe\u0161ne som realizovala aj preklady pre firmy. [&hellip;]<\/p>\n","protected":false},"author":2,"featured_media":0,"parent":0,"menu_order":0,"comment_status":"closed","ping_status":"closed","template":"","meta":{"footnotes":""},"class_list":["post-5741","page","type-page","status-publish","hentry"],"yoast_head":"<!-- This site is optimized with the Yoast SEO plugin v22.5 - https:\/\/yoast.com\/wordpress\/plugins\/seo\/ -->\n<title>Viac o mne - Sprachteam.at<\/title>\n<meta name=\"robots\" content=\"index, follow, max-snippet:-1, max-image-preview:large, max-video-preview:-1\" \/>\n<link rel=\"canonical\" href=\"https:\/\/sprachteam.at\/sk\/viac-o-mne\/\" \/>\n<meta property=\"og:locale\" content=\"sk_SK\" \/>\n<meta property=\"og:type\" content=\"article\" \/>\n<meta property=\"og:title\" content=\"Viac o mne - Sprachteam.at\" \/>\n<meta property=\"og:description\" content=\"O mne Angela Michelitsch Svoje zru\u010dnosti som z\u00edskala v r\u00f4znych in\u0161tit\u00faci\u00e1ch \u00faspe\u0161n\u00fdm veden\u00edm individu\u00e1lnych a skupinov\u00fdch vzdel\u00e1vac\u00edch kurzov. Za zmienku stoja najm\u00e4 cenn\u00e9 sk\u00fasenosti a skvel\u00e9 \u013eudsk\u00e9 stretnutia, ktor\u00e9 som nadobudla po\u010das spolupr\u00e1ce s jazykovou \u0161kolou Spidi, Rak\u00fasko-slovensk\u00fdm kult\u00farnym spolkom vo Viedni a vzdel\u00e1vac\u00edm in\u0161tit\u00fatom ZIB Training GmbH. \u00daspe\u0161ne som realizovala aj preklady pre firmy. [&hellip;]\" \/>\n<meta property=\"og:url\" content=\"https:\/\/sprachteam.at\/sk\/viac-o-mne\/\" \/>\n<meta property=\"og:site_name\" content=\"Sprachteam.at\" \/>\n<meta property=\"article:modified_time\" content=\"2024-11-05T11:32:54+00:00\" \/>\n<meta name=\"twitter:card\" content=\"summary_large_image\" \/>\n<meta name=\"twitter:label1\" content=\"Predpokladan\u00fd \u010das \u010d\u00edtania\" \/>\n\t<meta name=\"twitter:data1\" content=\"2 min\u00faty\" \/>\n<script type=\"application\/ld+json\" class=\"yoast-schema-graph\">{\"@context\":\"https:\/\/schema.org\",\"@graph\":[{\"@type\":\"WebPage\",\"@id\":\"https:\/\/sprachteam.at\/sk\/viac-o-mne\/\",\"url\":\"https:\/\/sprachteam.at\/sk\/viac-o-mne\/\",\"name\":\"Viac o mne - Sprachteam.at\",\"isPartOf\":{\"@id\":\"https:\/\/sprachteam.at\/sk\/#website\"},\"datePublished\":\"2024-04-25T14:29:29+00:00\",\"dateModified\":\"2024-11-05T11:32:54+00:00\",\"breadcrumb\":{\"@id\":\"https:\/\/sprachteam.at\/sk\/viac-o-mne\/#breadcrumb\"},\"inLanguage\":\"sk-SK\",\"potentialAction\":[{\"@type\":\"ReadAction\",\"target\":[\"https:\/\/sprachteam.at\/sk\/viac-o-mne\/\"]}]},{\"@type\":\"BreadcrumbList\",\"@id\":\"https:\/\/sprachteam.at\/sk\/viac-o-mne\/#breadcrumb\",\"itemListElement\":[{\"@type\":\"ListItem\",\"position\":1,\"name\":\"Startseite\",\"item\":\"https:\/\/sprachteam.at\/sk\/\"},{\"@type\":\"ListItem\",\"position\":2,\"name\":\"Viac o mne\"}]},{\"@type\":\"WebSite\",\"@id\":\"https:\/\/sprachteam.at\/sk\/#website\",\"url\":\"https:\/\/sprachteam.at\/sk\/\",\"name\":\"Sprachteam.at\",\"description\":\"Online kurzy Nemeck\u00e9ho jazyka, Slovensk\u00e9ho jazyka a jazykov\u00fd spolok Jazykov\u00fd most SK-AT.\",\"potentialAction\":[{\"@type\":\"SearchAction\",\"target\":{\"@type\":\"EntryPoint\",\"urlTemplate\":\"https:\/\/sprachteam.at\/sk\/?s={search_term_string}\"},\"query-input\":\"required name=search_term_string\"}],\"inLanguage\":\"sk-SK\"}]}<\/script>\n<!-- \/ Yoast SEO plugin. -->","yoast_head_json":{"title":"Viac o mne - Sprachteam.at","robots":{"index":"index","follow":"follow","max-snippet":"max-snippet:-1","max-image-preview":"max-image-preview:large","max-video-preview":"max-video-preview:-1"},"canonical":"https:\/\/sprachteam.at\/sk\/viac-o-mne\/","og_locale":"sk_SK","og_type":"article","og_title":"Viac o mne - Sprachteam.at","og_description":"O mne Angela Michelitsch Svoje zru\u010dnosti som z\u00edskala v r\u00f4znych in\u0161tit\u00faci\u00e1ch \u00faspe\u0161n\u00fdm veden\u00edm individu\u00e1lnych a skupinov\u00fdch vzdel\u00e1vac\u00edch kurzov. Za zmienku stoja najm\u00e4 cenn\u00e9 sk\u00fasenosti a skvel\u00e9 \u013eudsk\u00e9 stretnutia, ktor\u00e9 som nadobudla po\u010das spolupr\u00e1ce s jazykovou \u0161kolou Spidi, Rak\u00fasko-slovensk\u00fdm kult\u00farnym spolkom vo Viedni a vzdel\u00e1vac\u00edm in\u0161tit\u00fatom ZIB Training GmbH. \u00daspe\u0161ne som realizovala aj preklady pre firmy. [&hellip;]","og_url":"https:\/\/sprachteam.at\/sk\/viac-o-mne\/","og_site_name":"Sprachteam.at","article_modified_time":"2024-11-05T11:32:54+00:00","twitter_card":"summary_large_image","twitter_misc":{"Predpokladan\u00fd \u010das \u010d\u00edtania":"2 min\u00faty"},"schema":{"@context":"https:\/\/schema.org","@graph":[{"@type":"WebPage","@id":"https:\/\/sprachteam.at\/sk\/viac-o-mne\/","url":"https:\/\/sprachteam.at\/sk\/viac-o-mne\/","name":"Viac o mne - Sprachteam.at","isPartOf":{"@id":"https:\/\/sprachteam.at\/sk\/#website"},"datePublished":"2024-04-25T14:29:29+00:00","dateModified":"2024-11-05T11:32:54+00:00","breadcrumb":{"@id":"https:\/\/sprachteam.at\/sk\/viac-o-mne\/#breadcrumb"},"inLanguage":"sk-SK","potentialAction":[{"@type":"ReadAction","target":["https:\/\/sprachteam.at\/sk\/viac-o-mne\/"]}]},{"@type":"BreadcrumbList","@id":"https:\/\/sprachteam.at\/sk\/viac-o-mne\/#breadcrumb","itemListElement":[{"@type":"ListItem","position":1,"name":"Startseite","item":"https:\/\/sprachteam.at\/sk\/"},{"@type":"ListItem","position":2,"name":"Viac o mne"}]},{"@type":"WebSite","@id":"https:\/\/sprachteam.at\/sk\/#website","url":"https:\/\/sprachteam.at\/sk\/","name":"Sprachteam.at","description":"Online kurzy Nemeck\u00e9ho jazyka, Slovensk\u00e9ho jazyka a jazykov\u00fd spolok Jazykov\u00fd most SK-AT.","potentialAction":[{"@type":"SearchAction","target":{"@type":"EntryPoint","urlTemplate":"https:\/\/sprachteam.at\/sk\/?s={search_term_string}"},"query-input":"required name=search_term_string"}],"inLanguage":"sk-SK"}]}},"_links":{"self":[{"href":"https:\/\/sprachteam.at\/sk\/wp-json\/wp\/v2\/pages\/5741","targetHints":{"allow":["GET"]}}],"collection":[{"href":"https:\/\/sprachteam.at\/sk\/wp-json\/wp\/v2\/pages"}],"about":[{"href":"https:\/\/sprachteam.at\/sk\/wp-json\/wp\/v2\/types\/page"}],"author":[{"embeddable":true,"href":"https:\/\/sprachteam.at\/sk\/wp-json\/wp\/v2\/users\/2"}],"replies":[{"embeddable":true,"href":"https:\/\/sprachteam.at\/sk\/wp-json\/wp\/v2\/comments?post=5741"}],"version-history":[{"count":16,"href":"https:\/\/sprachteam.at\/sk\/wp-json\/wp\/v2\/pages\/5741\/revisions"}],"predecessor-version":[{"id":6143,"href":"https:\/\/sprachteam.at\/sk\/wp-json\/wp\/v2\/pages\/5741\/revisions\/6143"}],"wp:attachment":[{"href":"https:\/\/sprachteam.at\/sk\/wp-json\/wp\/v2\/media?parent=5741"}],"curies":[{"name":"wp","href":"https:\/\/api.w.org\/{rel}","templated":true}]}}