{"id":750,"date":"2020-09-28T14:30:57","date_gmt":"2020-09-28T14:30:57","guid":{"rendered":"http:\/\/unicoach.wgl-demo.net\/?page_id=750"},"modified":"2024-04-24T17:00:30","modified_gmt":"2024-04-24T15:00:30","slug":"kontakt","status":"publish","type":"page","link":"https:\/\/sprachteam.at\/sk\/kontakt\/","title":{"rendered":"Kontakt"},"content":{"rendered":"\t\t<div data-elementor-type=\"wp-page\" data-elementor-id=\"750\" class=\"elementor elementor-750\">\n\t\t\t\t\t\t<section class=\"elementor-section elementor-top-section elementor-element elementor-element-a920e59 elementor-section-boxed elementor-section-height-default elementor-section-height-default\" data-id=\"a920e59\" data-element_type=\"section\">\n\t\t\t\t\t\t<div class=\"elementor-container elementor-column-gap-default\">\n\t\t\t\t\t<div class=\"elementor-column elementor-col-100 elementor-top-column elementor-element elementor-element-49e6737\" data-id=\"49e6737\" data-element_type=\"column\">\n\t\t\t<div class=\"elementor-widget-wrap elementor-element-populated\">\n\t\t\t\t\t\t<div class=\"elementor-element elementor-element-b9f45ab elementor-widget elementor-widget-spacer\" data-id=\"b9f45ab\" data-element_type=\"widget\" data-widget_type=\"spacer.default\">\n\t\t\t\t<div class=\"elementor-widget-container\">\n\t\t\t<style>\/*! elementor - v3.20.0 - 20-03-2024 *\/\n.elementor-column .elementor-spacer-inner{height:var(--spacer-size)}.e-con{--container-widget-width:100%}.e-con-inner>.elementor-widget-spacer,.e-con>.elementor-widget-spacer{width:var(--container-widget-width,var(--spacer-size));--align-self:var(--container-widget-align-self,initial);--flex-shrink:0}.e-con-inner>.elementor-widget-spacer>.elementor-widget-container,.e-con>.elementor-widget-spacer>.elementor-widget-container{height:100%;width:100%}.e-con-inner>.elementor-widget-spacer>.elementor-widget-container>.elementor-spacer,.e-con>.elementor-widget-spacer>.elementor-widget-container>.elementor-spacer{height:100%}.e-con-inner>.elementor-widget-spacer>.elementor-widget-container>.elementor-spacer>.elementor-spacer-inner,.e-con>.elementor-widget-spacer>.elementor-widget-container>.elementor-spacer>.elementor-spacer-inner{height:var(--container-widget-height,var(--spacer-size))}.e-con-inner>.elementor-widget-spacer.elementor-widget-empty,.e-con>.elementor-widget-spacer.elementor-widget-empty{position:relative;min-height:22px;min-width:22px}.e-con-inner>.elementor-widget-spacer.elementor-widget-empty .elementor-widget-empty-icon,.e-con>.elementor-widget-spacer.elementor-widget-empty .elementor-widget-empty-icon{position:absolute;top:0;bottom:0;left:0;right:0;margin:auto;padding:0;width:22px;height:22px}<\/style>\t\t<div class=\"elementor-spacer\">\n\t\t\t<div class=\"elementor-spacer-inner\"><\/div>\n\t\t<\/div>\n\t\t\t\t<\/div>\n\t\t\t\t<\/div>\n\t\t\t\t\t<\/div>\n\t\t<\/div>\n\t\t\t\t\t<\/div>\n\t\t<\/section>\n\t\t\t\t<section class=\"elementor-section elementor-top-section elementor-element elementor-element-849afbc elementor-section-boxed elementor-section-height-default elementor-section-height-default\" data-id=\"849afbc\" data-element_type=\"section\">\n\t\t\t\t\t\t<div class=\"elementor-container elementor-column-gap-default\">\n\t\t\t\t\t<div class=\"elementor-column elementor-col-33 elementor-top-column elementor-element elementor-element-7733b3c\" data-id=\"7733b3c\" data-element_type=\"column\">\n\t\t\t<div class=\"elementor-widget-wrap elementor-element-populated\">\n\t\t\t\t\t\t<div class=\"elementor-element elementor-element-7e91a54 elementor-widget elementor-widget-spacer\" data-id=\"7e91a54\" data-element_type=\"widget\" data-widget_type=\"spacer.default\">\n\t\t\t\t<div class=\"elementor-widget-container\">\n\t\t\t\t\t<div class=\"elementor-spacer\">\n\t\t\t<div class=\"elementor-spacer-inner\"><\/div>\n\t\t<\/div>\n\t\t\t\t<\/div>\n\t\t\t\t<\/div>\n\t\t\t\t<div class=\"elementor-element elementor-element-687dea4 aleft elementor-widget elementor-widget-wgl-double-headings\" data-id=\"687dea4\" data-element_type=\"widget\" data-widget_type=\"wgl-double-headings.default\">\n\t\t\t\t<div class=\"elementor-widget-container\">\n\t\t\t<div class=\"wgl-double_heading\"><div class=\"dbl__subtitle\"><span>kontakt<\/span><\/div><h3 class=\"dbl__title-wrapper\"><span class=\"dbl__title dbl-title_1\">Kontaktn\u00e9 \u00fadaje<\/span><\/h3><\/div>\t\t<\/div>\n\t\t\t\t<\/div>\n\t\t\t\t<div class=\"elementor-element elementor-element-78ff6dd elementor-widget elementor-widget-text-editor\" data-id=\"78ff6dd\" data-element_type=\"widget\" data-widget_type=\"text-editor.default\">\n\t\t\t\t<div class=\"elementor-widget-container\">\n\t\t\t<style>\/*! elementor - v3.20.0 - 20-03-2024 *\/\n.elementor-widget-text-editor.elementor-drop-cap-view-stacked .elementor-drop-cap{background-color:#69727d;color:#fff}.elementor-widget-text-editor.elementor-drop-cap-view-framed .elementor-drop-cap{color:#69727d;border:3px solid;background-color:transparent}.elementor-widget-text-editor:not(.elementor-drop-cap-view-default) .elementor-drop-cap{margin-top:8px}.elementor-widget-text-editor:not(.elementor-drop-cap-view-default) .elementor-drop-cap-letter{width:1em;height:1em}.elementor-widget-text-editor .elementor-drop-cap{float:left;text-align:center;line-height:1;font-size:50px}.elementor-widget-text-editor .elementor-drop-cap-letter{display:inline-block}<\/style>\t\t\t\t<p>M\u00e1te z\u00e1ujem o nejak\u00fd z mojich online kurzov? Alebo sa chcete len nie\u010do op\u00fdta\u0165? Kontaktujte ma.<\/p>\t\t\t\t\t\t<\/div>\n\t\t\t\t<\/div>\n\t\t\t\t<div class=\"elementor-element elementor-element-a9ec51f elementor-view-stacked aleft elementor-widget-icon-box wgl-icon-box elementor-shape-circle elementor-widget elementor-widget-wgl-info-box\" data-id=\"a9ec51f\" data-element_type=\"widget\" data-widget_type=\"wgl-info-box.default\">\n\t\t\t\t<div class=\"elementor-widget-container\">\n\t\t\t<div class=\"wgl-infobox\"><div class=\"wgl-infobox_wrapper wgl-layout-left\"><div class=\"media-wrapper icon-wrapper\"><span class=\"wgl-icon\" ><i class=\"icon elementor-icon flaticon flaticon-pin\" aria-hidden=\"true\"><\/i><\/span><\/div><div class=\"content_wrapper\"><div class=\"wgl-infobox-title_wrapper\"><h3 class=\"wgl-infobox_title\"><span class=\"wgl-infobox_title-idle\">Slovensko<\/span><\/h3><\/div><div class=\"wgl-infobox_content\"><p><span>Chme\u013enica 21, <\/span><span>064 01 Star\u00e1 \u013dubov\u0148a<\/span><\/p><\/div><\/div><\/div><\/div>\t\t<\/div>\n\t\t\t\t<\/div>\n\t\t\t\t<div class=\"elementor-element elementor-element-7a4006b elementor-view-stacked aleft elementor-widget-icon-box wgl-icon-box elementor-shape-circle elementor-widget elementor-widget-wgl-info-box\" data-id=\"7a4006b\" data-element_type=\"widget\" data-widget_type=\"wgl-info-box.default\">\n\t\t\t\t<div class=\"elementor-widget-container\">\n\t\t\t<a class=\"wgl-infobox__link\" href=\"http:\/\/maps.google.com?saddr=Current+Location&#038;daddr=40.7219684,-73.9957024\"><\/a><div class=\"wgl-infobox\"><div class=\"wgl-infobox_wrapper wgl-layout-left\"><div class=\"media-wrapper icon-wrapper\"><span class=\"wgl-icon\" ><i class=\"icon elementor-icon flaticon flaticon-pin\" aria-hidden=\"true\"><\/i><\/span><\/div><div class=\"content_wrapper\"><div class=\"wgl-infobox-title_wrapper\"><h3 class=\"wgl-infobox_title\"><span class=\"wgl-infobox_title-idle\">Rak\u00fasko<\/span><\/h3><\/div><div class=\"wgl-infobox_content\"><p><span>Kammelweg 1\/8\/6, 1210 Wien<\/span><\/p><\/div><\/div><\/div><\/div>\t\t<\/div>\n\t\t\t\t<\/div>\n\t\t\t\t<div class=\"elementor-element elementor-element-4bf7594 elementor-view-stacked aleft elementor-widget-icon-box wgl-icon-box elementor-shape-circle elementor-widget elementor-widget-wgl-info-box\" data-id=\"4bf7594\" data-element_type=\"widget\" data-widget_type=\"wgl-info-box.default\">\n\t\t\t\t<div class=\"elementor-widget-container\">\n\t\t\t<a class=\"wgl-infobox__link\" href=\"mailto:info@sprachteam.at\"><\/a><div class=\"wgl-infobox\"><div class=\"wgl-infobox_wrapper wgl-layout-left\"><div class=\"media-wrapper icon-wrapper\"><span class=\"wgl-icon\" ><i class=\"icon elementor-icon flaticon flaticon-paper-plane\" aria-hidden=\"true\"><\/i><\/span><\/div><div class=\"content_wrapper\"><div class=\"wgl-infobox-title_wrapper\"><h3 class=\"wgl-infobox_title\"><span class=\"wgl-infobox_title-idle\">E-mail<\/span><\/h3><\/div><div class=\"wgl-infobox_content\"><p>info@sprachteam.at<\/p><\/div><\/div><\/div><\/div>\t\t<\/div>\n\t\t\t\t<\/div>\n\t\t\t\t<div class=\"elementor-element elementor-element-1d3a4eb elementor-view-stacked aleft elementor-widget-icon-box wgl-icon-box elementor-shape-circle elementor-widget elementor-widget-wgl-info-box\" data-id=\"1d3a4eb\" data-element_type=\"widget\" data-widget_type=\"wgl-info-box.default\">\n\t\t\t\t<div class=\"elementor-widget-container\">\n\t\t\t<a class=\"wgl-infobox__link\" href=\"tel:+421951601590\"><\/a><div class=\"wgl-infobox\"><div class=\"wgl-infobox_wrapper wgl-layout-left\"><div class=\"media-wrapper icon-wrapper\"><span class=\"wgl-icon\" ><i class=\"icon elementor-icon flaticon flaticon-call\" aria-hidden=\"true\"><\/i><\/span><\/div><div class=\"content_wrapper\"><div class=\"wgl-infobox-title_wrapper\"><h3 class=\"wgl-infobox_title\"><span class=\"wgl-infobox_title-idle\">Mobil Slovensko<\/span><\/h3><\/div><div class=\"wgl-infobox_content\"><p>0951 601 590<\/p><\/div><\/div><\/div><\/div>\t\t<\/div>\n\t\t\t\t<\/div>\n\t\t\t\t<div class=\"elementor-element elementor-element-ff1ac34 elementor-view-stacked aleft elementor-widget-icon-box wgl-icon-box elementor-shape-circle elementor-widget elementor-widget-wgl-info-box\" data-id=\"ff1ac34\" data-element_type=\"widget\" data-widget_type=\"wgl-info-box.default\">\n\t\t\t\t<div class=\"elementor-widget-container\">\n\t\t\t<a class=\"wgl-infobox__link\" href=\"tel:+4369917247812\"><\/a><div class=\"wgl-infobox\"><div class=\"wgl-infobox_wrapper wgl-layout-left\"><div class=\"media-wrapper icon-wrapper\"><span class=\"wgl-icon\" ><i class=\"icon elementor-icon flaticon flaticon-call\" aria-hidden=\"true\"><\/i><\/span><\/div><div class=\"content_wrapper\"><div class=\"wgl-infobox-title_wrapper\"><h3 class=\"wgl-infobox_title\"><span class=\"wgl-infobox_title-idle\">Mobil Rak\u00fasko (aj whatsapp)<\/span><\/h3><\/div><div class=\"wgl-infobox_content\"><p>+43 69 917 247 812<\/p><\/div><\/div><\/div><\/div>\t\t<\/div>\n\t\t\t\t<\/div>\n\t\t\t\t\t<\/div>\n\t\t<\/div>\n\t\t\t\t<div class=\"elementor-column elementor-col-66 elementor-top-column elementor-element elementor-element-b5b04c8\" data-id=\"b5b04c8\" data-element_type=\"column\">\n\t\t\t<div class=\"elementor-widget-wrap\">\n\t\t\t\t\t\t\t<\/div>\n\t\t<\/div>\n\t\t\t\t\t<\/div>\n\t\t<\/section>\n\t\t\t\t<\/div>\n\t\t","protected":false},"excerpt":{"rendered":"<p>kontakt Kontaktn\u00e9 \u00fadaje M\u00e1te z\u00e1ujem o nejak\u00fd z mojich online kurzov? Alebo sa chcete len nie\u010do op\u00fdta\u0165? Kontaktujte ma. Slovensko Chme\u013enica 21, 064 01 Star\u00e1 \u013dubov\u0148a Rak\u00fasko Kammelweg 1\/8\/6, 1210 Wien E-mail info@sprachteam.at Mobil Slovensko 0951 601 590 Mobil Rak\u00fasko (aj whatsapp) +43 69 917 247 812<\/p>\n","protected":false},"author":1,"featured_media":0,"parent":0,"menu_order":0,"comment_status":"closed","ping_status":"closed","template":"","meta":{"footnotes":""},"class_list":["post-750","page","type-page","status-publish","hentry"],"yoast_head":"<!-- This site is optimized with the Yoast SEO plugin v22.5 - https:\/\/yoast.com\/wordpress\/plugins\/seo\/ -->\n<title>Kontakt - Sprachteam.at<\/title>\n<meta name=\"robots\" content=\"index, follow, max-snippet:-1, max-image-preview:large, max-video-preview:-1\" \/>\n<link rel=\"canonical\" href=\"https:\/\/sprachteam.at\/sk\/kontakt\/\" \/>\n<meta property=\"og:locale\" content=\"sk_SK\" \/>\n<meta property=\"og:type\" content=\"article\" \/>\n<meta property=\"og:title\" content=\"Kontakt - Sprachteam.at\" \/>\n<meta property=\"og:description\" content=\"kontakt Kontaktn\u00e9 \u00fadaje M\u00e1te z\u00e1ujem o nejak\u00fd z mojich online kurzov? Alebo sa chcete len nie\u010do op\u00fdta\u0165? Kontaktujte ma. Slovensko Chme\u013enica 21, 064 01 Star\u00e1 \u013dubov\u0148a Rak\u00fasko Kammelweg 1\/8\/6, 1210 Wien E-mail info@sprachteam.at Mobil Slovensko 0951 601 590 Mobil Rak\u00fasko (aj whatsapp) +43 69 917 247 812\" \/>\n<meta property=\"og:url\" content=\"https:\/\/sprachteam.at\/sk\/kontakt\/\" \/>\n<meta property=\"og:site_name\" content=\"Sprachteam.at\" \/>\n<meta property=\"article:modified_time\" content=\"2024-04-24T15:00:30+00:00\" \/>\n<meta name=\"twitter:card\" content=\"summary_large_image\" \/>\n<script type=\"application\/ld+json\" class=\"yoast-schema-graph\">{\"@context\":\"https:\/\/schema.org\",\"@graph\":[{\"@type\":\"WebPage\",\"@id\":\"https:\/\/sprachteam.at\/sk\/kontakt\/\",\"url\":\"https:\/\/sprachteam.at\/sk\/kontakt\/\",\"name\":\"Kontakt - Sprachteam.at\",\"isPartOf\":{\"@id\":\"https:\/\/sprachteam.at\/sk\/#website\"},\"datePublished\":\"2020-09-28T14:30:57+00:00\",\"dateModified\":\"2024-04-24T15:00:30+00:00\",\"breadcrumb\":{\"@id\":\"https:\/\/sprachteam.at\/sk\/kontakt\/#breadcrumb\"},\"inLanguage\":\"sk-SK\",\"potentialAction\":[{\"@type\":\"ReadAction\",\"target\":[\"https:\/\/sprachteam.at\/sk\/kontakt\/\"]}]},{\"@type\":\"BreadcrumbList\",\"@id\":\"https:\/\/sprachteam.at\/sk\/kontakt\/#breadcrumb\",\"itemListElement\":[{\"@type\":\"ListItem\",\"position\":1,\"name\":\"Startseite\",\"item\":\"https:\/\/sprachteam.at\/sk\/\"},{\"@type\":\"ListItem\",\"position\":2,\"name\":\"Kontakt\"}]},{\"@type\":\"WebSite\",\"@id\":\"https:\/\/sprachteam.at\/sk\/#website\",\"url\":\"https:\/\/sprachteam.at\/sk\/\",\"name\":\"Sprachteam.at\",\"description\":\"Online kurzy Nemeck\u00e9ho jazyka, Slovensk\u00e9ho jazyka a jazykov\u00fd spolok Jazykov\u00fd most SK-AT.\",\"potentialAction\":[{\"@type\":\"SearchAction\",\"target\":{\"@type\":\"EntryPoint\",\"urlTemplate\":\"https:\/\/sprachteam.at\/sk\/?s={search_term_string}\"},\"query-input\":\"required name=search_term_string\"}],\"inLanguage\":\"sk-SK\"}]}<\/script>\n<!-- \/ Yoast SEO plugin. -->","yoast_head_json":{"title":"Kontakt - Sprachteam.at","robots":{"index":"index","follow":"follow","max-snippet":"max-snippet:-1","max-image-preview":"max-image-preview:large","max-video-preview":"max-video-preview:-1"},"canonical":"https:\/\/sprachteam.at\/sk\/kontakt\/","og_locale":"sk_SK","og_type":"article","og_title":"Kontakt - Sprachteam.at","og_description":"kontakt Kontaktn\u00e9 \u00fadaje M\u00e1te z\u00e1ujem o nejak\u00fd z mojich online kurzov? Alebo sa chcete len nie\u010do op\u00fdta\u0165? Kontaktujte ma. Slovensko Chme\u013enica 21, 064 01 Star\u00e1 \u013dubov\u0148a Rak\u00fasko Kammelweg 1\/8\/6, 1210 Wien E-mail info@sprachteam.at Mobil Slovensko 0951 601 590 Mobil Rak\u00fasko (aj whatsapp) +43 69 917 247 812","og_url":"https:\/\/sprachteam.at\/sk\/kontakt\/","og_site_name":"Sprachteam.at","article_modified_time":"2024-04-24T15:00:30+00:00","twitter_card":"summary_large_image","schema":{"@context":"https:\/\/schema.org","@graph":[{"@type":"WebPage","@id":"https:\/\/sprachteam.at\/sk\/kontakt\/","url":"https:\/\/sprachteam.at\/sk\/kontakt\/","name":"Kontakt - Sprachteam.at","isPartOf":{"@id":"https:\/\/sprachteam.at\/sk\/#website"},"datePublished":"2020-09-28T14:30:57+00:00","dateModified":"2024-04-24T15:00:30+00:00","breadcrumb":{"@id":"https:\/\/sprachteam.at\/sk\/kontakt\/#breadcrumb"},"inLanguage":"sk-SK","potentialAction":[{"@type":"ReadAction","target":["https:\/\/sprachteam.at\/sk\/kontakt\/"]}]},{"@type":"BreadcrumbList","@id":"https:\/\/sprachteam.at\/sk\/kontakt\/#breadcrumb","itemListElement":[{"@type":"ListItem","position":1,"name":"Startseite","item":"https:\/\/sprachteam.at\/sk\/"},{"@type":"ListItem","position":2,"name":"Kontakt"}]},{"@type":"WebSite","@id":"https:\/\/sprachteam.at\/sk\/#website","url":"https:\/\/sprachteam.at\/sk\/","name":"Sprachteam.at","description":"Online kurzy Nemeck\u00e9ho jazyka, Slovensk\u00e9ho jazyka a jazykov\u00fd spolok Jazykov\u00fd most SK-AT.","potentialAction":[{"@type":"SearchAction","target":{"@type":"EntryPoint","urlTemplate":"https:\/\/sprachteam.at\/sk\/?s={search_term_string}"},"query-input":"required name=search_term_string"}],"inLanguage":"sk-SK"}]}},"_links":{"self":[{"href":"https:\/\/sprachteam.at\/sk\/wp-json\/wp\/v2\/pages\/750","targetHints":{"allow":["GET"]}}],"collection":[{"href":"https:\/\/sprachteam.at\/sk\/wp-json\/wp\/v2\/pages"}],"about":[{"href":"https:\/\/sprachteam.at\/sk\/wp-json\/wp\/v2\/types\/page"}],"author":[{"embeddable":true,"href":"https:\/\/sprachteam.at\/sk\/wp-json\/wp\/v2\/users\/1"}],"replies":[{"embeddable":true,"href":"https:\/\/sprachteam.at\/sk\/wp-json\/wp\/v2\/comments?post=750"}],"version-history":[{"count":30,"href":"https:\/\/sprachteam.at\/sk\/wp-json\/wp\/v2\/pages\/750\/revisions"}],"predecessor-version":[{"id":5635,"href":"https:\/\/sprachteam.at\/sk\/wp-json\/wp\/v2\/pages\/750\/revisions\/5635"}],"wp:attachment":[{"href":"https:\/\/sprachteam.at\/sk\/wp-json\/wp\/v2\/media?parent=750"}],"curies":[{"name":"wp","href":"https:\/\/api.w.org\/{rel}","templated":true}]}}